{"id":6874,"date":"2024-10-27T09:03:13","date_gmt":"2024-10-27T07:03:13","guid":{"rendered":"https:\/\/new.extrapolia.com\/product\/strona-internetowa-firmy\/"},"modified":"2025-01-23T15:36:06","modified_gmt":"2025-01-23T13:36:06","slug":"strona-internetowa-firmy","status":"publish","type":"product","link":"https:\/\/new.extrapolia.com\/pl\/services\/strona-internetowa-firmy\/","title":{"rendered":"Strona internetowa firmy"},"content":{"rendered":"","protected":false},"excerpt":{"rendered":"<p>Doskona\u0142e do promowania pojedynczego produktu lub us\u0142ugi, organizowania wydarze\u0144 lub imprez oraz zbierania aplikacji<\/p>\n","protected":false},"featured_media":0,"comment_status":"closed","ping_status":"closed","template":"","meta":[],"product_brand":[],"product_cat":[153],"product_tag":[],"class_list":{"0":"post-6874","1":"product","2":"type-product","3":"status-publish","5":"product_cat-rozwoj-strony-internetowej","7":"first","8":"instock","9":"shipping-taxable","10":"purchasable","11":"product-type-simple"},"group_of_quantity":0,"min_quantity":0,"max_quantity":"","exclude_order_quantity_value_rules":"no","exclude_category_quantity_rules":"no","combine_variations":"no","yoast_head":"<!-- This site is optimized with the Yoast SEO Premium plugin v23.6 (Yoast SEO v24.3) - https:\/\/yoast.com\/wordpress\/plugins\/seo\/ -->\n<title>Strona internetowa firmy &#8226; monoscript<\/title>\n<meta name=\"robots\" content=\"noindex, follow, max-snippet:-1, max-image-preview:large, max-video-preview:-1\" \/>\n<meta property=\"og:locale\" content=\"pl_PL\" \/>\n<meta property=\"og:type\" content=\"article\" \/>\n<meta property=\"og:title\" content=\"Strona internetowa firmy\" \/>\n<meta property=\"og:description\" content=\"Doskona\u0142e do promowania pojedynczego produktu lub us\u0142ugi, organizowania wydarze\u0144 lub imprez oraz zbierania aplikacji\" \/>\n<meta property=\"og:url\" content=\"https:\/\/new.extrapolia.com\/pl\/services\/strona-internetowa-firmy\/\" \/>\n<meta property=\"og:site_name\" content=\"monoscript\" \/>\n<meta property=\"article:modified_time\" content=\"2025-01-23T13:36:06+00:00\" \/>\n<meta name=\"twitter:card\" content=\"summary_large_image\" \/>\n<script type=\"application\/ld+json\" class=\"yoast-schema-graph\">{\"@context\":\"https:\/\/schema.org\",\"@graph\":[{\"@type\":\"WebPage\",\"@id\":\"https:\/\/new.extrapolia.com\/pl\/services\/strona-internetowa-firmy\/\",\"url\":\"https:\/\/new.extrapolia.com\/pl\/services\/strona-internetowa-firmy\/\",\"name\":\"Strona internetowa firmy &#8226; monoscript\",\"isPartOf\":{\"@id\":\"https:\/\/new.extrapolia.com\/pl\/#website\"},\"datePublished\":\"2024-10-27T07:03:13+00:00\",\"dateModified\":\"2025-01-23T13:36:06+00:00\",\"breadcrumb\":{\"@id\":\"https:\/\/new.extrapolia.com\/pl\/services\/strona-internetowa-firmy\/#breadcrumb\"},\"inLanguage\":\"pl-PL\",\"potentialAction\":[{\"@type\":\"ReadAction\",\"target\":[\"https:\/\/new.extrapolia.com\/pl\/services\/strona-internetowa-firmy\/\"]}]},{\"@type\":\"BreadcrumbList\",\"@id\":\"https:\/\/new.extrapolia.com\/pl\/services\/strona-internetowa-firmy\/#breadcrumb\",\"itemListElement\":[{\"@type\":\"ListItem\",\"position\":1,\"name\":\"Strona g\u0142\u00f3wna\",\"item\":\"https:\/\/new.extrapolia.com\/\"},{\"@type\":\"ListItem\",\"position\":2,\"name\":\"Us\u0142ugi\",\"item\":\"https:\/\/new.extrapolia.com\/pl\/uslugi\/\"},{\"@type\":\"ListItem\",\"position\":3,\"name\":\"Rozw\u00f3j strony internetowej\",\"item\":\"https:\/\/new.extrapolia.com\/pl\/services\/rozwoj-strony-internetowej\/\"},{\"@type\":\"ListItem\",\"position\":4,\"name\":\"Strona internetowa firmy\"}]},{\"@type\":\"WebSite\",\"@id\":\"https:\/\/new.extrapolia.com\/pl\/#website\",\"url\":\"https:\/\/new.extrapolia.com\/pl\/\",\"name\":\"monoscript\",\"description\":\"\u0420\u043e\u0437\u0440\u043e\u0431\u043a\u0430 \u0441\u0430\u0439\u0442\u0456\u0432 \u0442\u0430 \u0456\u043d\u0442\u0435\u0440\u043d\u0435\u0442 \u0440\u0435\u043a\u043b\u0430\u043c\u0430\",\"publisher\":{\"@id\":\"https:\/\/new.extrapolia.com\/pl\/#organization\"},\"alternateName\":\"\u043c\u043e\u043d\u043e\u0441\u043a\u0440\u0456\u043f\u0442\",\"potentialAction\":[{\"@type\":\"SearchAction\",\"target\":{\"@type\":\"EntryPoint\",\"urlTemplate\":\"https:\/\/new.extrapolia.com\/pl\/?s={search_term_string}\"},\"query-input\":{\"@type\":\"PropertyValueSpecification\",\"valueRequired\":true,\"valueName\":\"search_term_string\"}}],\"inLanguage\":\"pl-PL\"},{\"@type\":\"Organization\",\"@id\":\"https:\/\/new.extrapolia.com\/pl\/#organization\",\"name\":\"monoscript\",\"alternateName\":\"\u043c\u043e\u043d\u043e\u0441\u043a\u0440\u0456\u043f\u0442\",\"url\":\"https:\/\/new.extrapolia.com\/pl\/\",\"logo\":{\"@type\":\"ImageObject\",\"inLanguage\":\"pl-PL\",\"@id\":\"https:\/\/new.extrapolia.com\/pl\/#\/schema\/logo\/image\/\",\"url\":\"https:\/\/new.extrapolia.com\/wp-content\/uploads\/2025\/01\/monoscript_seo_icon.png\",\"contentUrl\":\"https:\/\/new.extrapolia.com\/wp-content\/uploads\/2025\/01\/monoscript_seo_icon.png\",\"width\":696,\"height\":696,\"caption\":\"monoscript\"},\"image\":{\"@id\":\"https:\/\/new.extrapolia.com\/pl\/#\/schema\/logo\/image\/\"},\"description\":\"\u041a\u043e\u043c\u043f\u0430\u043d\u0456\u044f \u0437 \u0440\u043e\u0437\u0440\u043e\u0431\u043a\u0438 \u0441\u0430\u0439\u0442\u0456\u0432 \u0442\u0430 \u0456\u043d\u0442\u0435\u0440\u043d\u0435\u0442 \u0440\u0435\u043a\u043b\u0430\u043c\u0438\",\"legalName\":\"monoscript\",\"foundingDate\":\"2025-01-01\",\"numberOfEmployees\":{\"@type\":\"QuantitativeValue\",\"minValue\":\"1\",\"maxValue\":\"10\"}}]}<\/script>\n<!-- \/ Yoast SEO Premium plugin. -->","yoast_head_json":{"title":"Strona internetowa firmy &#8226; monoscript","robots":{"index":"noindex","follow":"follow","max-snippet":"max-snippet:-1","max-image-preview":"max-image-preview:large","max-video-preview":"max-video-preview:-1"},"og_locale":"pl_PL","og_type":"article","og_title":"Strona internetowa firmy","og_description":"Doskona\u0142e do promowania pojedynczego produktu lub us\u0142ugi, organizowania wydarze\u0144 lub imprez oraz zbierania aplikacji","og_url":"https:\/\/new.extrapolia.com\/pl\/services\/strona-internetowa-firmy\/","og_site_name":"monoscript","article_modified_time":"2025-01-23T13:36:06+00:00","twitter_card":"summary_large_image","schema":{"@context":"https:\/\/schema.org","@graph":[{"@type":"WebPage","@id":"https:\/\/new.extrapolia.com\/pl\/services\/strona-internetowa-firmy\/","url":"https:\/\/new.extrapolia.com\/pl\/services\/strona-internetowa-firmy\/","name":"Strona internetowa firmy &#8226; monoscript","isPartOf":{"@id":"https:\/\/new.extrapolia.com\/pl\/#website"},"datePublished":"2024-10-27T07:03:13+00:00","dateModified":"2025-01-23T13:36:06+00:00","breadcrumb":{"@id":"https:\/\/new.extrapolia.com\/pl\/services\/strona-internetowa-firmy\/#breadcrumb"},"inLanguage":"pl-PL","potentialAction":[{"@type":"ReadAction","target":["https:\/\/new.extrapolia.com\/pl\/services\/strona-internetowa-firmy\/"]}]},{"@type":"BreadcrumbList","@id":"https:\/\/new.extrapolia.com\/pl\/services\/strona-internetowa-firmy\/#breadcrumb","itemListElement":[{"@type":"ListItem","position":1,"name":"Strona g\u0142\u00f3wna","item":"https:\/\/new.extrapolia.com\/"},{"@type":"ListItem","position":2,"name":"Us\u0142ugi","item":"https:\/\/new.extrapolia.com\/pl\/uslugi\/"},{"@type":"ListItem","position":3,"name":"Rozw\u00f3j strony internetowej","item":"https:\/\/new.extrapolia.com\/pl\/services\/rozwoj-strony-internetowej\/"},{"@type":"ListItem","position":4,"name":"Strona internetowa firmy"}]},{"@type":"WebSite","@id":"https:\/\/new.extrapolia.com\/pl\/#website","url":"https:\/\/new.extrapolia.com\/pl\/","name":"monoscript","description":"\u0420\u043e\u0437\u0440\u043e\u0431\u043a\u0430 \u0441\u0430\u0439\u0442\u0456\u0432 \u0442\u0430 \u0456\u043d\u0442\u0435\u0440\u043d\u0435\u0442 \u0440\u0435\u043a\u043b\u0430\u043c\u0430","publisher":{"@id":"https:\/\/new.extrapolia.com\/pl\/#organization"},"alternateName":"\u043c\u043e\u043d\u043e\u0441\u043a\u0440\u0456\u043f\u0442","potentialAction":[{"@type":"SearchAction","target":{"@type":"EntryPoint","urlTemplate":"https:\/\/new.extrapolia.com\/pl\/?s={search_term_string}"},"query-input":{"@type":"PropertyValueSpecification","valueRequired":true,"valueName":"search_term_string"}}],"inLanguage":"pl-PL"},{"@type":"Organization","@id":"https:\/\/new.extrapolia.com\/pl\/#organization","name":"monoscript","alternateName":"\u043c\u043e\u043d\u043e\u0441\u043a\u0440\u0456\u043f\u0442","url":"https:\/\/new.extrapolia.com\/pl\/","logo":{"@type":"ImageObject","inLanguage":"pl-PL","@id":"https:\/\/new.extrapolia.com\/pl\/#\/schema\/logo\/image\/","url":"https:\/\/new.extrapolia.com\/wp-content\/uploads\/2025\/01\/monoscript_seo_icon.png","contentUrl":"https:\/\/new.extrapolia.com\/wp-content\/uploads\/2025\/01\/monoscript_seo_icon.png","width":696,"height":696,"caption":"monoscript"},"image":{"@id":"https:\/\/new.extrapolia.com\/pl\/#\/schema\/logo\/image\/"},"description":"\u041a\u043e\u043c\u043f\u0430\u043d\u0456\u044f \u0437 \u0440\u043e\u0437\u0440\u043e\u0431\u043a\u0438 \u0441\u0430\u0439\u0442\u0456\u0432 \u0442\u0430 \u0456\u043d\u0442\u0435\u0440\u043d\u0435\u0442 \u0440\u0435\u043a\u043b\u0430\u043c\u0438","legalName":"monoscript","foundingDate":"2025-01-01","numberOfEmployees":{"@type":"QuantitativeValue","minValue":"1","maxValue":"10"}}]}},"tiered_pricing_type":"fixed","tiered_pricing_fixed_rules":[],"tiered_pricing_product_settings":{"layout":"default","base_unit_name":{"singular":null,"plural":null},"default_variation":null},"tiered_pricing_minimum_quantity":null,"tiered_pricing_roles_data":[],"tiered_pricing_percentage_rules":[],"tiered_pricing_maximum_quantity":null,"tiered_pricing_quantity_step":null,"_links":{"self":[{"href":"https:\/\/new.extrapolia.com\/pl\/wp-json\/wp\/v2\/product\/6874","targetHints":{"allow":["GET"]}}],"collection":[{"href":"https:\/\/new.extrapolia.com\/pl\/wp-json\/wp\/v2\/product"}],"about":[{"href":"https:\/\/new.extrapolia.com\/pl\/wp-json\/wp\/v2\/types\/product"}],"replies":[{"embeddable":true,"href":"https:\/\/new.extrapolia.com\/pl\/wp-json\/wp\/v2\/comments?post=6874"}],"version-history":[{"count":0,"href":"https:\/\/new.extrapolia.com\/pl\/wp-json\/wp\/v2\/product\/6874\/revisions"}],"wp:attachment":[{"href":"https:\/\/new.extrapolia.com\/pl\/wp-json\/wp\/v2\/media?parent=6874"}],"wp:term":[{"taxonomy":"product_brand","embeddable":true,"href":"https:\/\/new.extrapolia.com\/pl\/wp-json\/wp\/v2\/product_brand?post=6874"},{"taxonomy":"product_cat","embeddable":true,"href":"https:\/\/new.extrapolia.com\/pl\/wp-json\/wp\/v2\/product_cat?post=6874"},{"taxonomy":"product_tag","embeddable":true,"href":"https:\/\/new.extrapolia.com\/pl\/wp-json\/wp\/v2\/product_tag?post=6874"}],"curies":[{"name":"wp","href":"https:\/\/api.w.org\/{rel}","templated":true}]}}